{"id":8,"date":"2024-03-09T11:57:37","date_gmt":"2024-03-09T10:57:37","guid":{"rendered":"http:\/\/solea-automobile.fr\/?page_id=8"},"modified":"2024-07-23T09:21:51","modified_gmt":"2024-07-23T07:21:51","slug":"vehicule-occasion-voiture-domalain","status":"publish","type":"page","link":"https:\/\/solea-automobile.fr\/","title":{"rendered":"Home"},"content":{"rendered":"\n<p class=\"has-white-color has-text-color has-link-color wp-elements-34f551a85d7d96d91f395b592d98f646\">Vente de v\u00e9hicule d&#8217;occastion toutes marque, sur Domalain<\/p>\n","protected":false},"excerpt":{"rendered":"<p>Vente de v\u00e9hicule d&#8217;occastion toutes marque, sur Domalain<\/p>\n","protected":false},"author":1,"featured_media":0,"parent":0,"menu_order":0,"comment_status":"closed","ping_status":"closed","template":"page-template\/front-page.php","meta":{"footnotes":""},"class_list":["post-8","page","type-page","status-publish","hentry"],"yoast_head":"<!-- This site is optimized with the Yoast SEO plugin v23.0 - https:\/\/yoast.com\/wordpress\/plugins\/seo\/ -->\n<title>Vente et Location de v\u00e9hicule d&#039;occasion toutes marque Domalain - Sol\u00e9a Automobile<\/title>\n<meta name=\"description\" content=\"Vente de v\u00e9hicule d&#039;occasion dans le secteur de Domalain, 35680, v\u00e9hicules abordables et de qualit\u00e9. v\u00e9hicule occasion voiture domalain\" \/>\n<meta name=\"robots\" content=\"index, follow, max-snippet:-1, max-image-preview:large, max-video-preview:-1\" \/>\n<link rel=\"canonical\" href=\"https:\/\/solea-automobile.fr\/\" \/>\n<meta property=\"og:locale\" content=\"en_US\" \/>\n<meta property=\"og:type\" content=\"article\" \/>\n<meta property=\"og:title\" content=\"Vente et Location de v\u00e9hicule d&#039;occasion toutes marque Domalain - Sol\u00e9a Automobile\" \/>\n<meta property=\"og:description\" content=\"Vente de v\u00e9hicule d&#039;occasion dans le secteur de Domalain, 35680, v\u00e9hicules abordables et de qualit\u00e9. v\u00e9hicule occasion voiture domalain\" \/>\n<meta property=\"og:url\" content=\"https:\/\/solea-automobile.fr\/\" \/>\n<meta property=\"og:site_name\" content=\"Sol\u00e9a Automobile\" \/>\n<meta property=\"article:modified_time\" content=\"2024-07-23T07:21:51+00:00\" \/>\n<meta name=\"twitter:card\" content=\"summary_large_image\" \/>\n<meta name=\"twitter:label1\" content=\"Est. reading time\" \/>\n\t<meta name=\"twitter:data1\" content=\"1 minute\" \/>\n<script type=\"application\/ld+json\" class=\"yoast-schema-graph\">{\"@context\":\"https:\/\/schema.org\",\"@graph\":[{\"@type\":\"WebPage\",\"@id\":\"https:\/\/solea-automobile.fr\/\",\"url\":\"https:\/\/solea-automobile.fr\/\",\"name\":\"Vente et Location de v\u00e9hicule d'occasion toutes marque Domalain - Sol\u00e9a Automobile\",\"isPartOf\":{\"@id\":\"https:\/\/solea-automobile.fr\/#website\"},\"datePublished\":\"2024-03-09T10:57:37+00:00\",\"dateModified\":\"2024-07-23T07:21:51+00:00\",\"description\":\"Vente de v\u00e9hicule d'occasion dans le secteur de Domalain, 35680, v\u00e9hicules abordables et de qualit\u00e9. v\u00e9hicule occasion voiture domalain\",\"breadcrumb\":{\"@id\":\"https:\/\/solea-automobile.fr\/#breadcrumb\"},\"inLanguage\":\"en-US\",\"potentialAction\":[{\"@type\":\"ReadAction\",\"target\":[\"https:\/\/solea-automobile.fr\/\"]}]},{\"@type\":\"BreadcrumbList\",\"@id\":\"https:\/\/solea-automobile.fr\/#breadcrumb\",\"itemListElement\":[{\"@type\":\"ListItem\",\"position\":1,\"name\":\"Accueil\",\"item\":\"https:\/\/solea-automobile.fr\/\"},{\"@type\":\"ListItem\",\"position\":2,\"name\":\"Home\"}]},{\"@type\":\"WebSite\",\"@id\":\"https:\/\/solea-automobile.fr\/#website\",\"url\":\"https:\/\/solea-automobile.fr\/\",\"name\":\"Sol\u00e9a Automobile\",\"description\":\"Ventes &amp; Locations de v\u00e9hicules\",\"potentialAction\":[{\"@type\":\"SearchAction\",\"target\":{\"@type\":\"EntryPoint\",\"urlTemplate\":\"https:\/\/solea-automobile.fr\/?s={search_term_string}\"},\"query-input\":\"required name=search_term_string\"}],\"inLanguage\":\"en-US\"}]}<\/script>\n<!-- \/ Yoast SEO plugin. -->","yoast_head_json":{"title":"Vente et Location de v\u00e9hicule d'occasion toutes marque Domalain - Sol\u00e9a Automobile","description":"Vente de v\u00e9hicule d'occasion dans le secteur de Domalain, 35680, v\u00e9hicules abordables et de qualit\u00e9. v\u00e9hicule occasion voiture domalain","robots":{"index":"index","follow":"follow","max-snippet":"max-snippet:-1","max-image-preview":"max-image-preview:large","max-video-preview":"max-video-preview:-1"},"canonical":"https:\/\/solea-automobile.fr\/","og_locale":"en_US","og_type":"article","og_title":"Vente et Location de v\u00e9hicule d'occasion toutes marque Domalain - Sol\u00e9a Automobile","og_description":"Vente de v\u00e9hicule d'occasion dans le secteur de Domalain, 35680, v\u00e9hicules abordables et de qualit\u00e9. v\u00e9hicule occasion voiture domalain","og_url":"https:\/\/solea-automobile.fr\/","og_site_name":"Sol\u00e9a Automobile","article_modified_time":"2024-07-23T07:21:51+00:00","twitter_card":"summary_large_image","twitter_misc":{"Est. reading time":"1 minute"},"schema":{"@context":"https:\/\/schema.org","@graph":[{"@type":"WebPage","@id":"https:\/\/solea-automobile.fr\/","url":"https:\/\/solea-automobile.fr\/","name":"Vente et Location de v\u00e9hicule d'occasion toutes marque Domalain - Sol\u00e9a Automobile","isPartOf":{"@id":"https:\/\/solea-automobile.fr\/#website"},"datePublished":"2024-03-09T10:57:37+00:00","dateModified":"2024-07-23T07:21:51+00:00","description":"Vente de v\u00e9hicule d'occasion dans le secteur de Domalain, 35680, v\u00e9hicules abordables et de qualit\u00e9. v\u00e9hicule occasion voiture domalain","breadcrumb":{"@id":"https:\/\/solea-automobile.fr\/#breadcrumb"},"inLanguage":"en-US","potentialAction":[{"@type":"ReadAction","target":["https:\/\/solea-automobile.fr\/"]}]},{"@type":"BreadcrumbList","@id":"https:\/\/solea-automobile.fr\/#breadcrumb","itemListElement":[{"@type":"ListItem","position":1,"name":"Accueil","item":"https:\/\/solea-automobile.fr\/"},{"@type":"ListItem","position":2,"name":"Home"}]},{"@type":"WebSite","@id":"https:\/\/solea-automobile.fr\/#website","url":"https:\/\/solea-automobile.fr\/","name":"Sol\u00e9a Automobile","description":"Ventes &amp; Locations de v\u00e9hicules","potentialAction":[{"@type":"SearchAction","target":{"@type":"EntryPoint","urlTemplate":"https:\/\/solea-automobile.fr\/?s={search_term_string}"},"query-input":"required name=search_term_string"}],"inLanguage":"en-US"}]}},"_links":{"self":[{"href":"https:\/\/solea-automobile.fr\/index.php\/wp-json\/wp\/v2\/pages\/8","targetHints":{"allow":["GET"]}}],"collection":[{"href":"https:\/\/solea-automobile.fr\/index.php\/wp-json\/wp\/v2\/pages"}],"about":[{"href":"https:\/\/solea-automobile.fr\/index.php\/wp-json\/wp\/v2\/types\/page"}],"author":[{"embeddable":true,"href":"https:\/\/solea-automobile.fr\/index.php\/wp-json\/wp\/v2\/users\/1"}],"replies":[{"embeddable":true,"href":"https:\/\/solea-automobile.fr\/index.php\/wp-json\/wp\/v2\/comments?post=8"}],"version-history":[{"count":2,"href":"https:\/\/solea-automobile.fr\/index.php\/wp-json\/wp\/v2\/pages\/8\/revisions"}],"predecessor-version":[{"id":111,"href":"https:\/\/solea-automobile.fr\/index.php\/wp-json\/wp\/v2\/pages\/8\/revisions\/111"}],"wp:attachment":[{"href":"https:\/\/solea-automobile.fr\/index.php\/wp-json\/wp\/v2\/media?parent=8"}],"curies":[{"name":"wp","href":"https:\/\/api.w.org\/{rel}","templated":true}]}}