{"id":19,"date":"2024-03-10T09:52:34","date_gmt":"2024-03-10T08:52:34","guid":{"rendered":"https:\/\/solea-automobile.fr\/?page_id=19"},"modified":"2024-07-23T10:14:42","modified_gmt":"2024-07-23T08:14:42","slug":"a-propos","status":"publish","type":"page","link":"https:\/\/solea-automobile.fr\/index.php\/a-propos\/","title":{"rendered":"\u00c0 propos"},"content":{"rendered":"\t\t<div data-elementor-type=\"wp-page\" data-elementor-id=\"19\" class=\"elementor elementor-19\">\n\t\t\t\t<div class=\"elementor-element elementor-element-59506aa e-flex e-con-boxed wpr-particle-no wpr-jarallax-no wpr-parallax-no wpr-sticky-section-no e-con e-parent\" data-id=\"59506aa\" data-element_type=\"container\">\n\t\t\t\t\t<div class=\"e-con-inner\">\n\t\t\t\t<div class=\"elementor-element elementor-element-6d2ef05 elementor-widget elementor-widget-heading\" data-id=\"6d2ef05\" data-element_type=\"widget\" data-widget_type=\"heading.default\">\n\t\t\t\t<div class=\"elementor-widget-container\">\n\t\t\t<style>\/*! elementor - v3.23.0 - 15-07-2024 *\/\n.elementor-heading-title{padding:0;margin:0;line-height:1}.elementor-widget-heading .elementor-heading-title[class*=elementor-size-]>a{color:inherit;font-size:inherit;line-height:inherit}.elementor-widget-heading .elementor-heading-title.elementor-size-small{font-size:15px}.elementor-widget-heading .elementor-heading-title.elementor-size-medium{font-size:19px}.elementor-widget-heading .elementor-heading-title.elementor-size-large{font-size:29px}.elementor-widget-heading .elementor-heading-title.elementor-size-xl{font-size:39px}.elementor-widget-heading .elementor-heading-title.elementor-size-xxl{font-size:59px}<\/style><h2 class=\"elementor-heading-title elementor-size-default\">O\u00f9 nous trouver ?<\/h2>\t\t<\/div>\n\t\t\t\t<\/div>\n\t\t\t\t\t<\/div>\n\t\t\t\t<\/div>\n\t\t<div class=\"elementor-element elementor-element-994fa60 e-flex e-con-boxed wpr-particle-no wpr-jarallax-no wpr-parallax-no wpr-sticky-section-no e-con e-parent\" data-id=\"994fa60\" data-element_type=\"container\">\n\t\t\t\t\t<div class=\"e-con-inner\">\n\t\t\t\t<div class=\"elementor-element elementor-element-5c4f1ab elementor-widget elementor-widget-google_maps\" data-id=\"5c4f1ab\" data-element_type=\"widget\" data-widget_type=\"google_maps.default\">\n\t\t\t\t<div class=\"elementor-widget-container\">\n\t\t\t<style>\/*! elementor - v3.23.0 - 15-07-2024 *\/\n.elementor-widget-google_maps .elementor-widget-container{overflow:hidden}.elementor-widget-google_maps .elementor-custom-embed{line-height:0}.elementor-widget-google_maps iframe{height:300px}<\/style>\t\t<div class=\"elementor-custom-embed\">\n\t\t\t<iframe loading=\"lazy\"\n\t\t\t\t\tsrc=\"https:\/\/maps.google.com\/maps?q=1%20rue%20jean%20marie%20lamenais%20domalain&#038;t=m&#038;z=16&#038;output=embed&#038;iwloc=near\"\n\t\t\t\t\ttitle=\"1 rue jean marie lamenais domalain\"\n\t\t\t\t\taria-label=\"1 rue jean marie lamenais domalain\"\n\t\t\t><\/iframe>\n\t\t<\/div>\n\t\t\t\t<\/div>\n\t\t\t\t<\/div>\n\t\t\t\t\t<\/div>\n\t\t\t\t<\/div>\n\t\t<div class=\"elementor-element elementor-element-35924031 e-flex e-con-boxed wpr-particle-no wpr-jarallax-no wpr-parallax-no wpr-sticky-section-no e-con e-parent\" data-id=\"35924031\" data-element_type=\"container\">\n\t\t\t\t\t<div class=\"e-con-inner\">\n\t\t\t\t<div class=\"elementor-element elementor-element-8c08198 elementor-widget elementor-widget-text-editor\" data-id=\"8c08198\" data-element_type=\"widget\" data-widget_type=\"text-editor.default\">\n\t\t\t\t<div class=\"elementor-widget-container\">\n\t\t\t<style>\/*! elementor - v3.23.0 - 15-07-2024 *\/\n.elementor-widget-text-editor.elementor-drop-cap-view-stacked .elementor-drop-cap{background-color:#69727d;color:#fff}.elementor-widget-text-editor.elementor-drop-cap-view-framed .elementor-drop-cap{color:#69727d;border:3px solid;background-color:transparent}.elementor-widget-text-editor:not(.elementor-drop-cap-view-default) .elementor-drop-cap{margin-top:8px}.elementor-widget-text-editor:not(.elementor-drop-cap-view-default) .elementor-drop-cap-letter{width:1em;height:1em}.elementor-widget-text-editor .elementor-drop-cap{float:left;text-align:center;line-height:1;font-size:50px}.elementor-widget-text-editor .elementor-drop-cap-letter{display:inline-block}<\/style>\t\t\t\t<p><!-- wp:paragraph --><\/p>\n<p>Bienvenue chez Sol\u00e9a Auto \u00e0 Domalain !<\/p>\n<p><!-- \/wp:paragraph --><\/p>\n<p><!-- wp:paragraph --><\/p>\n<p>Je suis d\u00e9di\u00e9 \u00e0 vous offrir des v\u00e9hicules abordables et de qualit\u00e9. Mon objectif est de vous aider \u00e0 trouver la voiture parfaite pour r\u00e9pondre \u00e0 vos besoins et \u00e0 votre budget.<\/p>\n<p><!-- \/wp:paragraph --><\/p>\n<p><!-- wp:paragraph --><\/p>\n<p>Chaque v\u00e9hicule que je propose est minutieusement inspect\u00e9 pour garantir fiabilit\u00e9 et satisfaction. Venez me rendre visite d\u00e8s aujourd&#8217;hui pour une exp\u00e9rience d&#8217;achat personnalis\u00e9e.<\/p>\n<p>En plus de notre service de vente, nous proposons \u00e9galement la possibilit\u00e9 de lou\u00e9 des v\u00e9hicules<\/p>\n<p><!-- \/wp:paragraph --><\/p>\t\t\t\t\t\t<\/div>\n\t\t\t\t<\/div>\n\t\t\t\t\t<\/div>\n\t\t\t\t<\/div>\n\t\t\t\t<\/div>\n\t\t","protected":false},"excerpt":{"rendered":"<p>O\u00f9 nous trouver ? Bienvenue chez Sol\u00e9a Auto \u00e0 Domalain ! Je suis d\u00e9di\u00e9 \u00e0 vous offrir des v\u00e9hicules abordables et de qualit\u00e9. Mon objectif est de vous aider \u00e0 trouver la voiture parfaite pour r\u00e9pondre \u00e0 vos besoins et \u00e0 votre budget. Chaque v\u00e9hicule que je propose est minutieusement inspect\u00e9 pour garantir fiabilit\u00e9 et satisfaction. Venez me rendre visite d\u00e8s aujourd&#8217;hui pour une exp\u00e9rience d&#8217;achat personnalis\u00e9e. En plus de notre service de vente, nous proposons \u00e9galement la possibilit\u00e9 de lou\u00e9 des v\u00e9hicules<\/p>\n","protected":false},"author":1,"featured_media":72,"parent":0,"menu_order":0,"comment_status":"closed","ping_status":"closed","template":"","meta":{"footnotes":""},"class_list":["post-19","page","type-page","status-publish","has-post-thumbnail","hentry"],"yoast_head":"<!-- This site is optimized with the Yoast SEO plugin v23.0 - https:\/\/yoast.com\/wordpress\/plugins\/seo\/ -->\n<title>\u00c0 propos - Sol\u00e9a Automobile<\/title>\n<meta name=\"robots\" content=\"index, follow, max-snippet:-1, max-image-preview:large, max-video-preview:-1\" \/>\n<link rel=\"canonical\" href=\"https:\/\/solea-automobile.fr\/index.php\/a-propos\/\" \/>\n<meta property=\"og:locale\" content=\"en_US\" \/>\n<meta property=\"og:type\" content=\"article\" \/>\n<meta property=\"og:title\" content=\"\u00c0 propos - Sol\u00e9a Automobile\" \/>\n<meta property=\"og:description\" content=\"O\u00f9 nous trouver ? Bienvenue chez Sol\u00e9a Auto \u00e0 Domalain ! Je suis d\u00e9di\u00e9 \u00e0 vous offrir des v\u00e9hicules abordables et de qualit\u00e9. Mon objectif est de vous aider \u00e0 trouver la voiture parfaite pour r\u00e9pondre \u00e0 vos besoins et \u00e0 votre budget. Chaque v\u00e9hicule que je propose est minutieusement inspect\u00e9 pour garantir fiabilit\u00e9 et satisfaction. Venez me rendre visite d\u00e8s aujourd&#8217;hui pour une exp\u00e9rience d&#8217;achat personnalis\u00e9e. En plus de notre service de vente, nous proposons \u00e9galement la possibilit\u00e9 de lou\u00e9 des v\u00e9hicules\" \/>\n<meta property=\"og:url\" content=\"https:\/\/solea-automobile.fr\/index.php\/a-propos\/\" \/>\n<meta property=\"og:site_name\" content=\"Sol\u00e9a Automobile\" \/>\n<meta property=\"article:modified_time\" content=\"2024-07-23T08:14:42+00:00\" \/>\n<meta property=\"og:image\" content=\"http:\/\/solea-automobile.fr\/wp-content\/uploads\/2024\/03\/Capture-decran-2024-03-10-181725.png\" \/>\n\t<meta property=\"og:image:width\" content=\"1113\" \/>\n\t<meta property=\"og:image:height\" content=\"616\" \/>\n\t<meta property=\"og:image:type\" content=\"image\/png\" \/>\n<meta name=\"twitter:card\" content=\"summary_large_image\" \/>\n<meta name=\"twitter:label1\" content=\"Est. reading time\" \/>\n\t<meta name=\"twitter:data1\" content=\"1 minute\" \/>\n<script type=\"application\/ld+json\" class=\"yoast-schema-graph\">{\"@context\":\"https:\/\/schema.org\",\"@graph\":[{\"@type\":\"WebPage\",\"@id\":\"https:\/\/solea-automobile.fr\/index.php\/a-propos\/\",\"url\":\"https:\/\/solea-automobile.fr\/index.php\/a-propos\/\",\"name\":\"\u00c0 propos - Sol\u00e9a Automobile\",\"isPartOf\":{\"@id\":\"https:\/\/solea-automobile.fr\/#website\"},\"primaryImageOfPage\":{\"@id\":\"https:\/\/solea-automobile.fr\/index.php\/a-propos\/#primaryimage\"},\"image\":{\"@id\":\"https:\/\/solea-automobile.fr\/index.php\/a-propos\/#primaryimage\"},\"thumbnailUrl\":\"https:\/\/solea-automobile.fr\/wp-content\/uploads\/2024\/03\/Capture-decran-2024-03-10-181725.png\",\"datePublished\":\"2024-03-10T08:52:34+00:00\",\"dateModified\":\"2024-07-23T08:14:42+00:00\",\"breadcrumb\":{\"@id\":\"https:\/\/solea-automobile.fr\/index.php\/a-propos\/#breadcrumb\"},\"inLanguage\":\"en-US\",\"potentialAction\":[{\"@type\":\"ReadAction\",\"target\":[\"https:\/\/solea-automobile.fr\/index.php\/a-propos\/\"]}]},{\"@type\":\"ImageObject\",\"inLanguage\":\"en-US\",\"@id\":\"https:\/\/solea-automobile.fr\/index.php\/a-propos\/#primaryimage\",\"url\":\"https:\/\/solea-automobile.fr\/wp-content\/uploads\/2024\/03\/Capture-decran-2024-03-10-181725.png\",\"contentUrl\":\"https:\/\/solea-automobile.fr\/wp-content\/uploads\/2024\/03\/Capture-decran-2024-03-10-181725.png\",\"width\":1113,\"height\":616},{\"@type\":\"BreadcrumbList\",\"@id\":\"https:\/\/solea-automobile.fr\/index.php\/a-propos\/#breadcrumb\",\"itemListElement\":[{\"@type\":\"ListItem\",\"position\":1,\"name\":\"Accueil\",\"item\":\"https:\/\/solea-automobile.fr\/\"},{\"@type\":\"ListItem\",\"position\":2,\"name\":\"\u00c0 propos\"}]},{\"@type\":\"WebSite\",\"@id\":\"https:\/\/solea-automobile.fr\/#website\",\"url\":\"https:\/\/solea-automobile.fr\/\",\"name\":\"Sol\u00e9a Automobile\",\"description\":\"Ventes &amp; Locations de v\u00e9hicules\",\"potentialAction\":[{\"@type\":\"SearchAction\",\"target\":{\"@type\":\"EntryPoint\",\"urlTemplate\":\"https:\/\/solea-automobile.fr\/?s={search_term_string}\"},\"query-input\":\"required name=search_term_string\"}],\"inLanguage\":\"en-US\"}]}<\/script>\n<!-- \/ Yoast SEO plugin. -->","yoast_head_json":{"title":"\u00c0 propos - Sol\u00e9a Automobile","robots":{"index":"index","follow":"follow","max-snippet":"max-snippet:-1","max-image-preview":"max-image-preview:large","max-video-preview":"max-video-preview:-1"},"canonical":"https:\/\/solea-automobile.fr\/index.php\/a-propos\/","og_locale":"en_US","og_type":"article","og_title":"\u00c0 propos - Sol\u00e9a Automobile","og_description":"O\u00f9 nous trouver ? Bienvenue chez Sol\u00e9a Auto \u00e0 Domalain ! Je suis d\u00e9di\u00e9 \u00e0 vous offrir des v\u00e9hicules abordables et de qualit\u00e9. Mon objectif est de vous aider \u00e0 trouver la voiture parfaite pour r\u00e9pondre \u00e0 vos besoins et \u00e0 votre budget. Chaque v\u00e9hicule que je propose est minutieusement inspect\u00e9 pour garantir fiabilit\u00e9 et satisfaction. Venez me rendre visite d\u00e8s aujourd&#8217;hui pour une exp\u00e9rience d&#8217;achat personnalis\u00e9e. En plus de notre service de vente, nous proposons \u00e9galement la possibilit\u00e9 de lou\u00e9 des v\u00e9hicules","og_url":"https:\/\/solea-automobile.fr\/index.php\/a-propos\/","og_site_name":"Sol\u00e9a Automobile","article_modified_time":"2024-07-23T08:14:42+00:00","og_image":[{"width":1113,"height":616,"url":"http:\/\/solea-automobile.fr\/wp-content\/uploads\/2024\/03\/Capture-decran-2024-03-10-181725.png","type":"image\/png"}],"twitter_card":"summary_large_image","twitter_misc":{"Est. reading time":"1 minute"},"schema":{"@context":"https:\/\/schema.org","@graph":[{"@type":"WebPage","@id":"https:\/\/solea-automobile.fr\/index.php\/a-propos\/","url":"https:\/\/solea-automobile.fr\/index.php\/a-propos\/","name":"\u00c0 propos - Sol\u00e9a Automobile","isPartOf":{"@id":"https:\/\/solea-automobile.fr\/#website"},"primaryImageOfPage":{"@id":"https:\/\/solea-automobile.fr\/index.php\/a-propos\/#primaryimage"},"image":{"@id":"https:\/\/solea-automobile.fr\/index.php\/a-propos\/#primaryimage"},"thumbnailUrl":"https:\/\/solea-automobile.fr\/wp-content\/uploads\/2024\/03\/Capture-decran-2024-03-10-181725.png","datePublished":"2024-03-10T08:52:34+00:00","dateModified":"2024-07-23T08:14:42+00:00","breadcrumb":{"@id":"https:\/\/solea-automobile.fr\/index.php\/a-propos\/#breadcrumb"},"inLanguage":"en-US","potentialAction":[{"@type":"ReadAction","target":["https:\/\/solea-automobile.fr\/index.php\/a-propos\/"]}]},{"@type":"ImageObject","inLanguage":"en-US","@id":"https:\/\/solea-automobile.fr\/index.php\/a-propos\/#primaryimage","url":"https:\/\/solea-automobile.fr\/wp-content\/uploads\/2024\/03\/Capture-decran-2024-03-10-181725.png","contentUrl":"https:\/\/solea-automobile.fr\/wp-content\/uploads\/2024\/03\/Capture-decran-2024-03-10-181725.png","width":1113,"height":616},{"@type":"BreadcrumbList","@id":"https:\/\/solea-automobile.fr\/index.php\/a-propos\/#breadcrumb","itemListElement":[{"@type":"ListItem","position":1,"name":"Accueil","item":"https:\/\/solea-automobile.fr\/"},{"@type":"ListItem","position":2,"name":"\u00c0 propos"}]},{"@type":"WebSite","@id":"https:\/\/solea-automobile.fr\/#website","url":"https:\/\/solea-automobile.fr\/","name":"Sol\u00e9a Automobile","description":"Ventes &amp; Locations de v\u00e9hicules","potentialAction":[{"@type":"SearchAction","target":{"@type":"EntryPoint","urlTemplate":"https:\/\/solea-automobile.fr\/?s={search_term_string}"},"query-input":"required name=search_term_string"}],"inLanguage":"en-US"}]}},"_links":{"self":[{"href":"https:\/\/solea-automobile.fr\/index.php\/wp-json\/wp\/v2\/pages\/19","targetHints":{"allow":["GET"]}}],"collection":[{"href":"https:\/\/solea-automobile.fr\/index.php\/wp-json\/wp\/v2\/pages"}],"about":[{"href":"https:\/\/solea-automobile.fr\/index.php\/wp-json\/wp\/v2\/types\/page"}],"author":[{"embeddable":true,"href":"https:\/\/solea-automobile.fr\/index.php\/wp-json\/wp\/v2\/users\/1"}],"replies":[{"embeddable":true,"href":"https:\/\/solea-automobile.fr\/index.php\/wp-json\/wp\/v2\/comments?post=19"}],"version-history":[{"count":12,"href":"https:\/\/solea-automobile.fr\/index.php\/wp-json\/wp\/v2\/pages\/19\/revisions"}],"predecessor-version":[{"id":139,"href":"https:\/\/solea-automobile.fr\/index.php\/wp-json\/wp\/v2\/pages\/19\/revisions\/139"}],"wp:featuredmedia":[{"embeddable":true,"href":"https:\/\/solea-automobile.fr\/index.php\/wp-json\/wp\/v2\/media\/72"}],"wp:attachment":[{"href":"https:\/\/solea-automobile.fr\/index.php\/wp-json\/wp\/v2\/media?parent=19"}],"curies":[{"name":"wp","href":"https:\/\/api.w.org\/{rel}","templated":true}]}}